{"id":984,"date":"2018-11-01T14:00:51","date_gmt":"2018-11-01T13:00:51","guid":{"rendered":"https:\/\/louicito.de\/?page_id=984"},"modified":"2018-11-01T14:00:51","modified_gmt":"2018-11-01T13:00:51","slug":"terms-conditions","status":"publish","type":"page","link":"https:\/\/louicito.de\/en\/terms-conditions\/","title":{"rendered":"Terms &#038; Conditions"},"content":{"rendered":"<p>1. Geltungsbereich<\/p>\n<p>a) Die nachfolgenden Allgemeinen Gesch\u00e4ftsbedingungen (im Folgenden: AGB) regeln das Verh\u00e4ltnis des Kunden (im Folgenden: Kunden) zu Louicito (im Folgenden: Louicito). Diese AGB k\u00f6nnen jederzeit unter dem von der Seite www.louicito.de erreichbaren Link \u201eAGB\u201c eingesehen, ausgedruckt, oder gespeichert werden.<\/p>\n<p>b) Es gelten ausschlie\u00dflich diese AGB. Abweichende, entgegenstehende oder erg\u00e4n\u00adzende Gesch\u00e4ftsbedingungen des Kunden werden nur dann insoweit Vertragsbe\u00adstandteil, als Louicito ihrer Geltung ausdr\u00fccklich zugestimmt hat. Dieses Zustim\u00admungserfordernis gilt in jedem Fall, beispielsweise auch dann, wenn Louicito in Kenntnis der AGB des Kunden die Leistung vorbehaltlos ausf\u00fchrt. Auch wenn Louicito also den AGB des Kunden nichts ausdr\u00fccklich widerspricht, haben die AGB des Kunden keine G\u00fcltigkeit.<\/p>\n<p>2. Vertragsschluss<\/p>\n<p>a) Der Vertrag kommt zwischen dem Kunden und Harriet Bosse, Pfingstholstallee 6, 21521 Aum\u00fchle zu Stande. Louicito handelt im Namen von Harriet Bosse.<\/p>\n<p>b) Der Vertrag kommt erst zustande, nachdem der Kunde das von Louicito \u00fcbersandte Angebot schriftlich best\u00e4tigt hat.<\/p>\n<p>3. Zahlung Mit Zustandekommen des Vertrags und \u00dcbersendung der Rechnung in elektrischer Form oder sonstiger Form ist eine Vorauskassenzahlung \u00fcber die vereinbarte Verg\u00fctung f\u00e4llig. W\u00fcnscht der Kunde eine Rechnung per Post zugesandt, sind hierf\u00fcr Extrakosten f\u00e4llig.<\/p>\n<p>4. Aufrechnung \/ Zur\u00fcckbehaltungsrecht Die Aufrechnung durch den Kunden ist nur zul\u00e4ssig, wenn seine Forderung unbestritten und rechtskr\u00e4ftig festgestellt ist. Dies gilt auch, wenn der Kunde M\u00e4ngelr\u00fcgen oder Ge\u00adgenanspr\u00fcche geltend macht. Der Kunde darf jedoch dann ein Zur\u00fcckbehaltungsrecht aus\u00fcben, wenn sein Gegenanspruch auf demselben Vertrag beruht.<\/p>\n<p>5. Gew\u00e4hrleistung\/Haftung<\/p>\n<p>a) Dem Kunden ist bekannt, dass s\u00e4mtliche Leistungen Louicitos durch Handarbeit erb\u00adracht werden. Dementsprechend k\u00f6nnen die einzelnen Motive sowohl in der Form als auch in der Ausf\u00fchrung variieren. Ebenfalls k\u00f6nnen die auf der Homepage sicht\u00adbaren Motive aufgrund der Handarbeit nicht exakt wiedergegeben werden. Diese Motive dienen als Beispiele oder Vorlagen.<\/p>\n<p>b) Louicito steht nicht f\u00fcr die via Bildschirm auf der Homepage sichtbaren Farben der einzelnen Motive ein. Dem Kunden ist bekannt, dass die Farben auf gedrucktem Pa\u00adpier abweichen k\u00f6nnen.<\/p>\n<p>c) Der Kunde kann nach seiner Wahl Minderung verlangen oder vom Vertrag zur\u00fcck\u00adtreten, wenn die Nacherf\u00fcllung zweimalig scheitert, unm\u00f6glich ist oder von Louicito unzumutbar verz\u00f6gert oder ernsthaft und endg\u00fcltig verweigert wird. Weitere Anspr\u00fcche des Kunden, insbesondere ein Anspruch auf Ersatz von Sch\u00e4\u00adden, die nicht am Scherenschnitt selbst entstanden sind, sind ausgeschlossen, wenn kein Fall von Vorsatz, grober Fahrl\u00e4ssigkeit, von schuldhafter Verletzung wesentlicher Vertragspflichten, der Haftung nach dem Produkthaftungsgesetz, der \u00dcbernahme einer Garantie oder der Verursachung eines Schadens aus der Verletzung des Lebens, des K\u00f6rpers oder der Gesundheit vorliegt. Bei schuldhafter Verletzung wesentlicher Vertragspflichten haftet Louicito nur f\u00fcr den vertragstypischen, vern\u00fcnftigerweise vorhersehbaren Schaden.<\/p>\n<p>d) S\u00e4mtliche Anspr\u00fcche des Kunden, die auf einem Mangel des Scherenschnitts beru\u00adhen, einschlie\u00dflich vertraglicher und konkurrierender au\u00dfervertraglicher Schadens\u00adersatzanspr\u00fcche, verj\u00e4hren 12 Monate ab Abnahme. Dies gilt nicht bei Arglist, Vor\u00adsatz, grobem Verschulden, einer Haftung nach dem Produkthaftungsgesetz, Verlet\u00adzung einer Kardinalpflicht oder \u00dcbernahme einer Garantie sowie bei Anspr\u00fcchen auf Ersatz bei Sch\u00e4den an Leben, K\u00f6rper oder Gesundheit. F\u00fcr Anspr\u00fcche, die nicht auf einem Mangel beruhen, gelten die gesetzlichen Regelungen.<\/p>\n<p>6. Urheberrecht<\/p>\n<p>a) Die von Louicito gelieferte Leistung ist urheberrechtlich gesch\u00fctzt. Alle Rechte sind vorbehalten. Ohne ausdr\u00fcckliche Genehmigung Louicitos ist es nicht gestattet, die Leistung auf fotomechanischen oder sonstigen Wegen zu vervielf\u00e4ltigen sowie die Einspeicherung und Verarbeitung in elektrischen Systemen vorzunehmen.<\/p>\n<p>b) Ebenfalls sind die Inhalte\/Bilder\/Abbildungen auf der Website www.louicito.de ur\u00adheberrechtlich gesch\u00fctzt. Der Inhalt dieser Website darf ohne ausdr\u00fcckliche Zu\u00adstimmung Louicitos nicht reproduziert oder unter Verwendung elektrischer Systeme verarbeitet, vervielf\u00e4ltigt, verbreitet oder in sonstiger Weise verwertet werden, so\u00adweit das Urheberrecht dies nicht ausdr\u00fccklich erlaubt. Eine unerlaubte Nutzung kann gegen geltende Gesetze, einschlie\u00dflich geltender Urheber\u00ad und Markenrechte ver\u00adsto\u00dfen.<\/p>\n<p>7. Datenschutz Louicito wird erm\u00e4chtigt, die im Zusammenhang mit der Gesch\u00e4ftsbeziehung enthalte\u00adnen Daten im Sinne der datenschutzrechtlichen Bestimmungen zu verarbeiten, zu spei\u00adchern, auszuwerten und zu nutzen. Louicito verpflichtet sich dabei, die datenschutz\u00adrechtlichen Bestimmungen einzuhalten.<\/p>\n<p>8. Verweise und Links Sofern die Website www.louicito.de Links zu externen Websites enth\u00e4lt, unterliegen diese nicht dem Einfluss Louicitos. Louicito \u00fcbernimmt daher keinerlei Verantwortung f\u00fcr deren Inhalte. Louicito erkl\u00e4rt ausdr\u00fccklich, keinerlei Einfluss auf die Gestaltung und Inhalte der verlinkten Websites zu haben. Louicito macht sich die Inhalte der ver\u00adlinkten Websites nicht zu eigen und sichert insbesondere nicht zu, dass die Inhalte dieser verlinkten Seiten wahr sind oder einem Zweck dienen bzw. einen bestimmen Zweck erf\u00fcllen. Die rechtliche Verantwortung, auch in datenschutzrechtlicher Hinsicht, liegt ausschlie\u00dflich beim Betreiber der externen Website.<\/p>\n<p>9. Gerichtsstand und Rechtswahl<\/p>\n<p>a) Als Gerichtsstand wird, soweit gesetzlich zul\u00e4ssig, Hamburg vereinbart.<\/p>\n<p>b) F\u00fcr das Vertragsverh\u00e4ltnis zwischen dem Kunden und Louicito und alle sich daraus ergebenden Anspr\u00fcche gilt das Recht der Bundesrepublik Deutschland unter Aus\u00adschluss des UN\u00adKaufrechts.<\/p>\n<p>10. Sonstige Bestimmungen<\/p>\n<p>a) Rechtserhebliche Erkl\u00e4rungen und Anzeigen, die nach Vertragsschluss vom Kunden gegen\u00fcber Louicito abgegeben werden (z. B. Fristsetzungen, M\u00e4ngelanzeigen, Er\u00adkl\u00e4rungen von R\u00fccktritt oder Minderung) bed\u00fcrfen zu ihrer Wirksamkeit der Schrift\u00adform.<\/p>\n<p>b) M\u00fcndliche Nebenabreden vor oder bei Vertragsschluss bestehen nicht bzw. sind un\u00adwirksam.<\/p>\n<p>c) Sollte eine Bestimmung dieser AGB ganz oder teilweise unwirksam, nichtig oder nicht durchsetzbar sein, bleibt die Rechtswirksamkeit der \u00fcbrigen Bestimmungen hiervon unber\u00fchrt. Anstelle der unwirksamen, nichtigen oder undurchsetzbaren Be\u00adstimmungen gilt eine wirksame Bestimmung als vereinbart, die die Parteien nach Treu und Glauben zul\u00e4ssigerweise getroffen h\u00e4tten, wenn ihnen die Nichtigkeit, Unwirksamkeit oder Undurchsetzbarkeit bekannt gewesen w\u00e4re. Das Gleiche gilt auch im Falle einer L\u00fccke dieser AGB.<\/p>\n","protected":false},"excerpt":{"rendered":"<p>1. Geltungsbereich a) Die nachfolgenden Allgemeinen Gesch\u00e4ftsbedingungen (im Folgenden: AGB) regeln das Verh\u00e4ltnis des Kunden (im Folgenden: Kunden) zu Louicito (im Folgenden: Louicito). Diese AGB k\u00f6nnen jederzeit unter dem von der Seite www.louicito.de erreichbaren Link \u201eAGB\u201c eingesehen, ausgedruckt, oder gespeichert werden. b) Es gelten ausschlie\u00dflich diese AGB. Abweichende, entgegenstehende oder erg\u00e4n\u00adzende Gesch\u00e4ftsbedingungen des Kunden werden [&hellip;]<\/p>\n","protected":false},"author":2,"featured_media":0,"parent":0,"menu_order":0,"comment_status":"closed","ping_status":"closed","template":"","meta":{"_acf_changed":false,"footnotes":""},"acf":[],"yoast_head":"<!-- This site is optimized with the Yoast SEO plugin v22.5 - https:\/\/yoast.com\/wordpress\/plugins\/seo\/ -->\n<title>Terms &amp; Conditions - Louicito<\/title>\n<meta name=\"robots\" content=\"index, follow, max-snippet:-1, max-image-preview:large, max-video-preview:-1\" \/>\n<link rel=\"canonical\" href=\"https:\/\/louicito.de\/en\/terms-conditions\/\" \/>\n<meta property=\"og:locale\" content=\"en_US\" \/>\n<meta property=\"og:type\" content=\"article\" \/>\n<meta property=\"og:title\" content=\"Terms &amp; Conditions - Louicito\" \/>\n<meta property=\"og:description\" content=\"1. Geltungsbereich a) Die nachfolgenden Allgemeinen Gesch\u00e4ftsbedingungen (im Folgenden: AGB) regeln das Verh\u00e4ltnis des Kunden (im Folgenden: Kunden) zu Louicito (im Folgenden: Louicito). Diese AGB k\u00f6nnen jederzeit unter dem von der Seite www.louicito.de erreichbaren Link \u201eAGB\u201c eingesehen, ausgedruckt, oder gespeichert werden. b) Es gelten ausschlie\u00dflich diese AGB. Abweichende, entgegenstehende oder erg\u00e4n\u00adzende Gesch\u00e4ftsbedingungen des Kunden werden [&hellip;]\" \/>\n<meta property=\"og:url\" content=\"https:\/\/louicito.de\/en\/terms-conditions\/\" \/>\n<meta property=\"og:site_name\" content=\"Louicito\" \/>\n<meta name=\"twitter:card\" content=\"summary_large_image\" \/>\n<meta name=\"twitter:label1\" content=\"Est. reading time\" \/>\n\t<meta name=\"twitter:data1\" content=\"5 minutes\" \/>\n<script type=\"application\/ld+json\" class=\"yoast-schema-graph\">{\"@context\":\"https:\/\/schema.org\",\"@graph\":[{\"@type\":\"WebPage\",\"@id\":\"https:\/\/louicito.de\/en\/terms-conditions\/\",\"url\":\"https:\/\/louicito.de\/en\/terms-conditions\/\",\"name\":\"Terms & Conditions - Louicito\",\"isPartOf\":{\"@id\":\"https:\/\/louicito.de\/#website\"},\"datePublished\":\"2018-11-01T13:00:51+00:00\",\"dateModified\":\"2018-11-01T13:00:51+00:00\",\"breadcrumb\":{\"@id\":\"https:\/\/louicito.de\/en\/terms-conditions\/#breadcrumb\"},\"inLanguage\":\"en-US\",\"potentialAction\":[{\"@type\":\"ReadAction\",\"target\":[\"https:\/\/louicito.de\/en\/terms-conditions\/\"]}]},{\"@type\":\"BreadcrumbList\",\"@id\":\"https:\/\/louicito.de\/en\/terms-conditions\/#breadcrumb\",\"itemListElement\":[{\"@type\":\"ListItem\",\"position\":1,\"name\":\"Home\",\"item\":\"https:\/\/louicito.de\/en\/\"},{\"@type\":\"ListItem\",\"position\":2,\"name\":\"Terms &#038; Conditions\"}]},{\"@type\":\"WebSite\",\"@id\":\"https:\/\/louicito.de\/#website\",\"url\":\"https:\/\/louicito.de\/\",\"name\":\"Louicito\",\"description\":\"Von Hand geschnittene Silhouetten, Scherenschnitte &amp; Schattenrisse &amp; zauberhafte Karten mit Scherenschnittmotiven\",\"potentialAction\":[{\"@type\":\"SearchAction\",\"target\":{\"@type\":\"EntryPoint\",\"urlTemplate\":\"https:\/\/louicito.de\/?s={search_term_string}\"},\"query-input\":\"required name=search_term_string\"}],\"inLanguage\":\"en-US\"}]}<\/script>\n<!-- \/ Yoast SEO plugin. -->","yoast_head_json":{"title":"Terms & Conditions - Louicito","robots":{"index":"index","follow":"follow","max-snippet":"max-snippet:-1","max-image-preview":"max-image-preview:large","max-video-preview":"max-video-preview:-1"},"canonical":"https:\/\/louicito.de\/en\/terms-conditions\/","og_locale":"en_US","og_type":"article","og_title":"Terms & Conditions - Louicito","og_description":"1. Geltungsbereich a) Die nachfolgenden Allgemeinen Gesch\u00e4ftsbedingungen (im Folgenden: AGB) regeln das Verh\u00e4ltnis des Kunden (im Folgenden: Kunden) zu Louicito (im Folgenden: Louicito). Diese AGB k\u00f6nnen jederzeit unter dem von der Seite www.louicito.de erreichbaren Link \u201eAGB\u201c eingesehen, ausgedruckt, oder gespeichert werden. b) Es gelten ausschlie\u00dflich diese AGB. Abweichende, entgegenstehende oder erg\u00e4n\u00adzende Gesch\u00e4ftsbedingungen des Kunden werden [&hellip;]","og_url":"https:\/\/louicito.de\/en\/terms-conditions\/","og_site_name":"Louicito","twitter_card":"summary_large_image","twitter_misc":{"Est. reading time":"5 minutes"},"schema":{"@context":"https:\/\/schema.org","@graph":[{"@type":"WebPage","@id":"https:\/\/louicito.de\/en\/terms-conditions\/","url":"https:\/\/louicito.de\/en\/terms-conditions\/","name":"Terms & Conditions - Louicito","isPartOf":{"@id":"https:\/\/louicito.de\/#website"},"datePublished":"2018-11-01T13:00:51+00:00","dateModified":"2018-11-01T13:00:51+00:00","breadcrumb":{"@id":"https:\/\/louicito.de\/en\/terms-conditions\/#breadcrumb"},"inLanguage":"en-US","potentialAction":[{"@type":"ReadAction","target":["https:\/\/louicito.de\/en\/terms-conditions\/"]}]},{"@type":"BreadcrumbList","@id":"https:\/\/louicito.de\/en\/terms-conditions\/#breadcrumb","itemListElement":[{"@type":"ListItem","position":1,"name":"Home","item":"https:\/\/louicito.de\/en\/"},{"@type":"ListItem","position":2,"name":"Terms &#038; Conditions"}]},{"@type":"WebSite","@id":"https:\/\/louicito.de\/#website","url":"https:\/\/louicito.de\/","name":"Louicito","description":"Von Hand geschnittene Silhouetten, Scherenschnitte &amp; Schattenrisse &amp; zauberhafte Karten mit Scherenschnittmotiven","potentialAction":[{"@type":"SearchAction","target":{"@type":"EntryPoint","urlTemplate":"https:\/\/louicito.de\/?s={search_term_string}"},"query-input":"required name=search_term_string"}],"inLanguage":"en-US"}]}},"_links":{"self":[{"href":"https:\/\/louicito.de\/en\/wp-json\/wp\/v2\/pages\/984"}],"collection":[{"href":"https:\/\/louicito.de\/en\/wp-json\/wp\/v2\/pages"}],"about":[{"href":"https:\/\/louicito.de\/en\/wp-json\/wp\/v2\/types\/page"}],"author":[{"embeddable":true,"href":"https:\/\/louicito.de\/en\/wp-json\/wp\/v2\/users\/2"}],"replies":[{"embeddable":true,"href":"https:\/\/louicito.de\/en\/wp-json\/wp\/v2\/comments?post=984"}],"version-history":[{"count":1,"href":"https:\/\/louicito.de\/en\/wp-json\/wp\/v2\/pages\/984\/revisions"}],"predecessor-version":[{"id":985,"href":"https:\/\/louicito.de\/en\/wp-json\/wp\/v2\/pages\/984\/revisions\/985"}],"wp:attachment":[{"href":"https:\/\/louicito.de\/en\/wp-json\/wp\/v2\/media?parent=984"}],"curies":[{"name":"wp","href":"https:\/\/api.w.org\/{rel}","templated":true}]}}